{"id":1710,"date":"2023-05-23T11:48:04","date_gmt":"2023-05-23T11:48:04","guid":{"rendered":"https:\/\/www.springerboerse.ch\/registrieren\/"},"modified":"2024-07-22T12:44:27","modified_gmt":"2024-07-22T12:44:27","slug":"enregistrer","status":"publish","type":"page","link":"https:\/\/www.springerboerse.ch\/fr\/enregistrer\/","title":{"rendered":"Enregistrer"},"content":{"rendered":"\t\t<div data-elementor-type=\"wp-page\" data-elementor-id=\"1710\" class=\"elementor elementor-1710 elementor-13\" data-elementor-post-type=\"page\">\n\t\t\t\t<div class=\"elementor-element elementor-element-43b65e2 e-flex e-con-boxed e-con e-parent\" data-id=\"43b65e2\" data-element_type=\"container\">\n\t\t\t\t\t<div class=\"e-con-inner\">\n\t\t\t\t<div class=\"elementor-element elementor-element-ddf7969 elementor-widget elementor-widget-shortcode\" data-id=\"ddf7969\" data-element_type=\"widget\" data-widget_type=\"shortcode.default\">\n\t\t\t\t<div class=\"elementor-widget-container\">\n\t\t\t\t\t\t\t<div class=\"elementor-shortcode\">\n<div class=\"booknetic_signup\">\n    <div class=\"booknetic_step_1\">\n        <div class=\"booknetic_header\">S&#039;inscrire<\/div>\n        <form method=\"post\" class=\"booknetic_form\">\n            <div class=\"booknetic_form_element\" style=\"display:flex; justify-content: space-between\">\n                <div class=\"booknetic_customer_info\" style=\"\">\n                    <label for=\"booknetic_first_name\">Pr\u00e9nom<\/label>\n                    <input type=\"text\" id=\"booknetic_first_name\" maxlength=\"100\" name=\"name\">\n                <\/div>\n                <div class=\"booknetic_customer_info\" style=\"\">\n                    <label for=\"booknetic_last_name\">Nom<\/label>\n                    <input type=\"text\" id=\"booknetic_last_name\" maxlength=\"100\" name=\"name\">\n                <\/div>\n            <\/div>\n            <div class=\"booknetic_form_element\">\n                <label for=\"booknetic_email\">Email<\/label>\n                <input type=\"text\" id=\"booknetic_email\" maxlength=\"100\" name=\"email\">\n            <\/div>\n            <div class=\"booknetic_form_element\">\n                <label for=\"booknetic_password\">Mot de passe<\/label>\n                <input type=\"password\" id=\"booknetic_password\" name=\"password\">\n            <\/div>\n            <div>\n                <button type=\"submit\" class=\"booknetic_btn_primary booknetic_signup_btn\">CONTINUER<\/button>\n            <\/div>\n        <\/form>\n        <div class=\"booknetic_footer\">\n            <span>D\u00e9j\u00e0 un compte?<\/span>\n            <a href=\"https:\/\/www.springerboerse.ch\/anmeldung\/\">Se connecter<\/a>\n        <\/div>\n    <\/div>\n    <div class=\"booknetic_step_2\">\n        <div class=\"booknetic_header\">Congratulations!<\/div>\n        <div class=\"booknetic_check_your_email\">\n            We need to verify your email.<br\/>\n            Please, check your inbox for a confirmation link.        <\/div>\n        <div class=\"booknetic_email_success\">\n            <img decoding=\"async\" src=\"https:\/\/www.springerboerse.ch\/wp-content\/plugins\/booknetic\/app\/Frontend\/assets\/images\/signup-success.svg\" alt=\"\">\n        <\/div>\n        <div class=\"booknetic_footer booknetic_resend_activation\">\n            <span>Didn&#039;t receive the email?<\/span>\n            <a href=\"javascript:;\" class=\"booknetic_resend_activation_link\">Resend again<\/a>\n        <\/div>\n    <\/div>\n<\/div>      <style>\r\n          .booknetic-toast-description {\r\n              display: block;\r\n              white-space: break-spaces;\r\n          }\r\n      <\/style>\r\n      <template id=\"bkntcSignUp_customFields\">\r\n          <div class=\"booknetic_form_element\">\r\n            <div class=\"acf-field acf-field-text acf-field-646dd2aef74c7 is-required bookentic-cp-user-form-item form-group\" data-name=\"name_der_apotheke\" data-type=\"text\" data-key=\"field_646dd2aef74c7\" data-required=\"1\">\n<div class=\"acf-label\">\n<label for=\"acf-field_646dd2aef74c7\">Pharmacie <span class=\"acf-required\">*<\/span><\/label><\/div>\n<div class=\"acf-input\">\n<div class=\"acf-input-wrap\"><input type=\"text\" id=\"acf-field_646dd2aef74c7\" name=\"acf[field_646dd2aef74c7]\" required=\"required\"\/><\/div><\/div>\n<\/div>\n<div class=\"acf-field acf-field-text acf-field-646df920bef62 bookentic-cp-user-form-item form-group\" data-name=\"zusatz_1\" data-type=\"text\" data-key=\"field_646df920bef62\">\n<div class=\"acf-label\">\n<label for=\"acf-field_646df920bef62\">Compl\u00e9ment 1<\/label><\/div>\n<div class=\"acf-input\">\n<div class=\"acf-input-wrap\"><input type=\"text\" id=\"acf-field_646df920bef62\" name=\"acf[field_646df920bef62]\"\/><\/div><\/div>\n<\/div>\n<div class=\"acf-field acf-field-text acf-field-646df932bef63 bookentic-cp-user-form-item form-group\" data-name=\"zusatz_2\" data-type=\"text\" data-key=\"field_646df932bef63\">\n<div class=\"acf-label\">\n<label for=\"acf-field_646df932bef63\">Compl\u00e9ment 2<\/label><\/div>\n<div class=\"acf-input\">\n<div class=\"acf-input-wrap\"><input type=\"text\" id=\"acf-field_646df932bef63\" name=\"acf[field_646df932bef63]\"\/><\/div><\/div>\n<\/div>\n<div class=\"acf-field acf-field-text acf-field-646df964bef64 is-required bookentic-cp-user-form-item form-group\" data-name=\"anrede\" data-type=\"text\" data-key=\"field_646df964bef64\" data-required=\"1\">\n<div class=\"acf-label\">\n<label for=\"acf-field_646df964bef64\">Titre de civilit\u00e9 <span class=\"acf-required\">*<\/span><\/label><\/div>\n<div class=\"acf-input\">\n<div class=\"acf-input-wrap\"><input type=\"text\" id=\"acf-field_646df964bef64\" name=\"acf[field_646df964bef64]\" required=\"required\"\/><\/div><\/div>\n<\/div>\n<div class=\"acf-field acf-field-text acf-field-646e00bfac559 bookentic-cp-user-form-item form-group\" data-name=\"titel\" data-type=\"text\" data-key=\"field_646e00bfac559\">\n<div class=\"acf-label\">\n<label for=\"acf-field_646e00bfac559\">Titre<\/label><\/div>\n<div class=\"acf-input\">\n<div class=\"acf-input-wrap\"><input type=\"text\" id=\"acf-field_646e00bfac559\" name=\"acf[field_646e00bfac559]\"\/><\/div><\/div>\n<\/div>\n<div class=\"acf-field acf-field-text acf-field-646df989bef65 is-required bookentic-cp-user-form-item form-group\" data-name=\"vorname\" data-type=\"text\" data-key=\"field_646df989bef65\" data-required=\"1\">\n<div class=\"acf-label\">\n<label for=\"acf-field_646df989bef65\">Pr\u00e9nom <span class=\"acf-required\">*<\/span><\/label><\/div>\n<div class=\"acf-input\">\n<div class=\"acf-input-wrap\"><input type=\"text\" id=\"acf-field_646df989bef65\" name=\"acf[field_646df989bef65]\" required=\"required\"\/><\/div><\/div>\n<\/div>\n<div class=\"acf-field acf-field-text acf-field-646df998bef66 is-required bookentic-cp-user-form-item form-group\" data-name=\"nachname\" data-type=\"text\" data-key=\"field_646df998bef66\" data-required=\"1\">\n<div class=\"acf-label\">\n<label for=\"acf-field_646df998bef66\">Nom de famille <span class=\"acf-required\">*<\/span><\/label><\/div>\n<div class=\"acf-input\">\n<div class=\"acf-input-wrap\"><input type=\"text\" id=\"acf-field_646df998bef66\" name=\"acf[field_646df998bef66]\" required=\"required\"\/><\/div><\/div>\n<\/div>\n<div class=\"acf-field acf-field-text acf-field-6464e6745e92f is-required bookentic-cp-user-form-item form-group\" data-name=\"adresse\" data-type=\"text\" data-key=\"field_6464e6745e92f\" data-required=\"1\">\n<div class=\"acf-label\">\n<label for=\"acf-field_6464e6745e92f\">Rue\/No <span class=\"acf-required\">*<\/span><\/label><\/div>\n<div class=\"acf-input\">\n<div class=\"acf-input-wrap\"><input type=\"text\" id=\"acf-field_6464e6745e92f\" name=\"acf[field_6464e6745e92f]\" required=\"required\"\/><\/div><\/div>\n<\/div>\n<div class=\"acf-field acf-field-text acf-field-646ddd1e7b790 is-required bookentic-cp-user-form-item form-group\" data-name=\"postleitzahlort\" data-type=\"text\" data-key=\"field_646ddd1e7b790\" data-required=\"1\">\n<div class=\"acf-label\">\n<label for=\"acf-field_646ddd1e7b790\">Code postal\/Localit\u00e9 <span class=\"acf-required\">*<\/span><\/label><\/div>\n<div class=\"acf-input\">\n<div class=\"acf-input-wrap\"><input type=\"text\" id=\"acf-field_646ddd1e7b790\" name=\"acf[field_646ddd1e7b790]\" required=\"required\"\/><\/div><\/div>\n<\/div>\n<div class=\"acf-field acf-field-text acf-field-6464e6815e930 is-required acf-phone bookentic-cp-user-form-item form-group\" data-name=\"telefon\" data-type=\"text\" data-key=\"field_6464e6815e930\" data-required=\"1\">\n<div class=\"acf-label\">\n<label for=\"acf-field_6464e6815e930\">T\u00e9l\u00e9phone <span class=\"acf-required\">*<\/span><\/label><\/div>\n<div class=\"acf-input\">\n<div class=\"acf-input-wrap\"><input type=\"text\" id=\"acf-field_6464e6815e930\" name=\"acf[field_6464e6815e930]\" placeholder=\"000\" required=\"required\"\/><\/div><\/div>\n<\/div>\n<div class=\"acf-field acf-field-text acf-field-646dfde5fe143 is-required bookentic-cp-user-form-item form-group\" data-name=\"kanton\" data-type=\"text\" data-key=\"field_646dfde5fe143\" data-required=\"1\">\n<div class=\"acf-label\">\n<label for=\"acf-field_646dfde5fe143\">Canton <span class=\"acf-required\">*<\/span><\/label><\/div>\n<div class=\"acf-input\">\n<div class=\"acf-input-wrap\"><input type=\"text\" id=\"acf-field_646dfde5fe143\" name=\"acf[field_646dfde5fe143]\" required=\"required\"\/><\/div><\/div>\n<\/div>\n<div class=\"acf-field acf-field-textarea acf-field-646dfa04bef68 is-required bookentic-cp-user-form-item form-group\" data-name=\"offnungszeiten\" data-type=\"textarea\" data-key=\"field_646dfa04bef68\" data-required=\"1\">\n<div class=\"acf-label\">\n<label for=\"acf-field_646dfa04bef68\">Heures d\u2019ouverture <span class=\"acf-required\">*<\/span><\/label><\/div>\n<div class=\"acf-input\">\n<textarea id=\"acf-field_646dfa04bef68\" name=\"acf[field_646dfa04bef68]\" rows=\"8\" required=\"required\">Mo:\r\nDi:\r\nMi:\r\nDo:\r\nFr:\r\nSa:\r\nSo:<\/textarea><\/div>\n<\/div>\n<div class=\"acf-field acf-field-text acf-field-646dfa3ebef69 is-required bookentic-cp-user-form-item form-group\" data-name=\"betriebssystem\" data-type=\"text\" data-key=\"field_646dfa3ebef69\" data-required=\"1\">\n<div class=\"acf-label\">\n<label for=\"acf-field_646dfa3ebef69\">POS-System <span class=\"acf-required\">*<\/span><\/label><\/div>\n<div class=\"acf-input\">\n<div class=\"acf-input-wrap\"><input type=\"text\" id=\"acf-field_646dfa3ebef69\" name=\"acf[field_646dfa3ebef69]\" required=\"required\"\/><\/div><\/div>\n<\/div>\n<div class=\"acf-field acf-field-checkbox acf-field-6480579e87f05 is-required bookentic-cp-user-form-item form-group\" data-name=\"agb2\" data-type=\"checkbox\" data-key=\"field_6480579e87f05\" data-required=\"1\">\n<div class=\"acf-label\">\n<label for=\"acf-field_6480579e87f05\">AGB <span class=\"acf-required\">*<\/span><\/label><\/div>\n<div class=\"acf-input\">\n<input type=\"hidden\" name=\"acf[field_6480579e87f05]\"\/><ul class=\"acf-checkbox-list acf-bl\">\n<li><label><input type=\"checkbox\" id=\"acf-field_6480579e87f05-Ich-best\u00e4tige,-die-&lt;a-href=&quot;https:\/\/www.springerboerse.ch\/wp-content\/uploads\/2023\/06\/2023-0628_AGB_Springerboerse.pdf&quot;&gt;AGBs&lt;\/a&gt;-gelesen-zu-haben&lt;br&gt;-und-erkl\u00e4re-mit-den-aufgef\u00fchrten-Bedingungen-einverstanden-zu-sein.\" name=\"acf[field_6480579e87f05][]\" value=\"Ich best\u00e4tige, die &lt;a href=&quot;https:\/\/www.springerboerse.ch\/wp-content\/uploads\/2023\/06\/2023-0628_AGB_Springerboerse.pdf&quot;&gt;AGBs&lt;\/a&gt; gelesen zu haben&lt;br&gt; und erkl\u00e4re mit den aufgef\u00fchrten Bedingungen einverstanden zu sein.\"\/> Avec cette demande de r\u00e9servation, vous avez accept\u00e9 les <a href=\"https:\/\/www.springerboerse.ch\/wp-content\/uploads\/2023\/06\/2023-0628_AGB_Springerboerse.pdf\">CGV<\/a><br> et la d\u00e9claration de protection des donn\u00e9es de Springerb\u00f6rse.ch AG.<\/label><\/li>\n<\/ul>\n<\/div>\n<\/div>\n          <\/div>\r\n      <\/template>\r\n      <script>\r\n          (() => {\r\n              const bookneticForm = document.querySelector('.booknetic_signup form.booknetic_form');\r\n              if (bookneticForm) {\r\n                  bookneticForm.insertBefore(document.getElementById('bkntcSignUp_customFields').content,\r\n                      bookneticForm.firstChild);\r\n              }\r\n\r\n              const firstName = jQuery('#booknetic_first_name');\r\n              const lastName = jQuery('#booknetic_last_name');\r\n              firstName.parents('.booknetic_form_element').hide();\r\n              firstName.val('-');\r\n              lastName.val('-');\r\n\r\n\r\n              jQuery.ajaxSetup({\r\n                  beforeSend: function (jqXHR, settings) {\r\n                      if (settings.data.indexOf('action=bkntc_signup') !== -1) {\r\n                          const data = jQuery(bookneticForm).serializeArray();\r\n                          for (const [, datum] of data.entries()) {\r\n                              if (!settings.data.match(new RegExp(`(^|&)${datum.name}`))) {\r\n                                  settings.data += `&${datum.name}=${datum.value}`;\r\n                              }\r\n                          }\r\n                      }\r\n                  }\r\n              });\r\n          })()\r\n      <\/script>\r\n    <\/div>\n\t\t\t\t\t\t<\/div>\n\t\t\t\t<\/div>\n\t\t\t\t\t<\/div>\n\t\t\t\t<\/div>\n\t\t\t\t<\/div>\n\t\t","protected":false},"excerpt":{"rendered":"","protected":false},"author":5,"featured_media":0,"parent":0,"menu_order":0,"comment_status":"closed","ping_status":"closed","template":"elementor_header_footer","meta":{"_acf_changed":false,"ocean_post_layout":"","ocean_both_sidebars_style":"","ocean_both_sidebars_content_width":0,"ocean_both_sidebars_sidebars_width":0,"ocean_sidebar":"","ocean_second_sidebar":"","ocean_disable_margins":"enable","ocean_add_body_class":"","ocean_shortcode_before_top_bar":"","ocean_shortcode_after_top_bar":"","ocean_shortcode_before_header":"","ocean_shortcode_after_header":"","ocean_has_shortcode":"","ocean_shortcode_after_title":"","ocean_shortcode_before_footer_widgets":"","ocean_shortcode_after_footer_widgets":"","ocean_shortcode_before_footer_bottom":"","ocean_shortcode_after_footer_bottom":"","ocean_display_top_bar":"default","ocean_display_header":"default","ocean_header_style":"","ocean_center_header_left_menu":"","ocean_custom_header_template":"","ocean_custom_logo":0,"ocean_custom_retina_logo":0,"ocean_custom_logo_max_width":0,"ocean_custom_logo_tablet_max_width":0,"ocean_custom_logo_mobile_max_width":0,"ocean_custom_logo_max_height":0,"ocean_custom_logo_tablet_max_height":0,"ocean_custom_logo_mobile_max_height":0,"ocean_header_custom_menu":"","ocean_menu_typo_font_family":"","ocean_menu_typo_font_subset":"","ocean_menu_typo_font_size":0,"ocean_menu_typo_font_size_tablet":0,"ocean_menu_typo_font_size_mobile":0,"ocean_menu_typo_font_size_unit":"px","ocean_menu_typo_font_weight":"","ocean_menu_typo_font_weight_tablet":"","ocean_menu_typo_font_weight_mobile":"","ocean_menu_typo_transform":"","ocean_menu_typo_transform_tablet":"","ocean_menu_typo_transform_mobile":"","ocean_menu_typo_line_height":0,"ocean_menu_typo_line_height_tablet":0,"ocean_menu_typo_line_height_mobile":0,"ocean_menu_typo_line_height_unit":"","ocean_menu_typo_spacing":0,"ocean_menu_typo_spacing_tablet":0,"ocean_menu_typo_spacing_mobile":0,"ocean_menu_typo_spacing_unit":"","ocean_menu_link_color":"","ocean_menu_link_color_hover":"","ocean_menu_link_color_active":"","ocean_menu_link_background":"","ocean_menu_link_hover_background":"","ocean_menu_link_active_background":"","ocean_menu_social_links_bg":"","ocean_menu_social_hover_links_bg":"","ocean_menu_social_links_color":"","ocean_menu_social_hover_links_color":"","ocean_disable_title":"default","ocean_disable_heading":"default","ocean_post_title":"","ocean_post_subheading":"","ocean_post_title_style":"","ocean_post_title_background_color":"","ocean_post_title_background":0,"ocean_post_title_bg_image_position":"","ocean_post_title_bg_image_attachment":"","ocean_post_title_bg_image_repeat":"","ocean_post_title_bg_image_size":"","ocean_post_title_height":0,"ocean_post_title_bg_overlay":0.5,"ocean_post_title_bg_overlay_color":"","ocean_disable_breadcrumbs":"default","ocean_breadcrumbs_color":"","ocean_breadcrumbs_separator_color":"","ocean_breadcrumbs_links_color":"","ocean_breadcrumbs_links_hover_color":"","ocean_display_footer_widgets":"default","ocean_display_footer_bottom":"default","ocean_custom_footer_template":"","footnotes":""},"class_list":["post-1710","page","type-page","status-publish","hentry","entry"],"acf":[],"yoast_head":"<!-- This site is optimized with the Yoast SEO plugin v25.5 - https:\/\/yoast.com\/wordpress\/plugins\/seo\/ -->\n<title>Enregistrer - Springerb\u00f6rse.ch AG<\/title>\n<meta name=\"robots\" content=\"index, follow, max-snippet:-1, max-image-preview:large, max-video-preview:-1\" \/>\n<link rel=\"canonical\" href=\"https:\/\/www.springerboerse.ch\/registrieren\/\" \/>\n<meta property=\"og:locale\" content=\"fr_FR\" \/>\n<meta property=\"og:type\" content=\"article\" \/>\n<meta property=\"og:title\" content=\"Enregistrer - Springerb\u00f6rse.ch AG\" \/>\n<meta property=\"og:url\" content=\"https:\/\/www.springerboerse.ch\/registrieren\/\" \/>\n<meta property=\"og:site_name\" content=\"Springerb\u00f6rse.ch AG\" \/>\n<meta property=\"article:modified_time\" content=\"2024-07-22T12:44:27+00:00\" \/>\n<meta name=\"twitter:card\" content=\"summary_large_image\" \/>\n<script type=\"application\/ld+json\" class=\"yoast-schema-graph\">{\"@context\":\"https:\/\/schema.org\",\"@graph\":[{\"@type\":\"WebPage\",\"@id\":\"https:\/\/www.springerboerse.ch\/registrieren\/\",\"url\":\"https:\/\/www.springerboerse.ch\/registrieren\/\",\"name\":\"Enregistrer - Springerb\u00f6rse.ch AG\",\"isPartOf\":{\"@id\":\"https:\/\/www.springerboerse.ch\/#website\"},\"datePublished\":\"2023-05-23T11:48:04+00:00\",\"dateModified\":\"2024-07-22T12:44:27+00:00\",\"breadcrumb\":{\"@id\":\"https:\/\/www.springerboerse.ch\/registrieren\/#breadcrumb\"},\"inLanguage\":\"fr-FR\",\"potentialAction\":[{\"@type\":\"ReadAction\",\"target\":[\"https:\/\/www.springerboerse.ch\/registrieren\/\"]}]},{\"@type\":\"BreadcrumbList\",\"@id\":\"https:\/\/www.springerboerse.ch\/registrieren\/#breadcrumb\",\"itemListElement\":[{\"@type\":\"ListItem\",\"position\":1,\"name\":\"Home\",\"item\":\"https:\/\/www.springerboerse.ch\/\"},{\"@type\":\"ListItem\",\"position\":2,\"name\":\"Enregistrer\"}]},{\"@type\":\"WebSite\",\"@id\":\"https:\/\/www.springerboerse.ch\/#website\",\"url\":\"https:\/\/www.springerboerse.ch\/\",\"name\":\"Springerb\u00f6rse.ch AG\",\"description\":\"Die Springerb\u00f6rse bietet einzigartigen Service f\u00fcr Vertretungen in Ihrer Apotheke.\",\"publisher\":{\"@id\":\"https:\/\/www.springerboerse.ch\/#organization\"},\"potentialAction\":[{\"@type\":\"SearchAction\",\"target\":{\"@type\":\"EntryPoint\",\"urlTemplate\":\"https:\/\/www.springerboerse.ch\/?s={search_term_string}\"},\"query-input\":{\"@type\":\"PropertyValueSpecification\",\"valueRequired\":true,\"valueName\":\"search_term_string\"}}],\"inLanguage\":\"fr-FR\"},{\"@type\":\"Organization\",\"@id\":\"https:\/\/www.springerboerse.ch\/#organization\",\"name\":\"Springerb\u00f6rse.ch AG\",\"url\":\"https:\/\/www.springerboerse.ch\/\",\"logo\":{\"@type\":\"ImageObject\",\"inLanguage\":\"fr-FR\",\"@id\":\"https:\/\/www.springerboerse.ch\/#\/schema\/logo\/image\/\",\"url\":\"https:\/\/www.springerboerse.ch\/wp-content\/uploads\/2023\/05\/logo.svg\",\"contentUrl\":\"https:\/\/www.springerboerse.ch\/wp-content\/uploads\/2023\/05\/logo.svg\",\"width\":290,\"height\":37,\"caption\":\"Springerb\u00f6rse.ch AG\"},\"image\":{\"@id\":\"https:\/\/www.springerboerse.ch\/#\/schema\/logo\/image\/\"}}]}<\/script>\n<!-- \/ Yoast SEO plugin. -->","yoast_head_json":{"title":"Enregistrer - Springerb\u00f6rse.ch AG","robots":{"index":"index","follow":"follow","max-snippet":"max-snippet:-1","max-image-preview":"max-image-preview:large","max-video-preview":"max-video-preview:-1"},"canonical":"https:\/\/www.springerboerse.ch\/registrieren\/","og_locale":"fr_FR","og_type":"article","og_title":"Enregistrer - Springerb\u00f6rse.ch AG","og_url":"https:\/\/www.springerboerse.ch\/registrieren\/","og_site_name":"Springerb\u00f6rse.ch AG","article_modified_time":"2024-07-22T12:44:27+00:00","twitter_card":"summary_large_image","schema":{"@context":"https:\/\/schema.org","@graph":[{"@type":"WebPage","@id":"https:\/\/www.springerboerse.ch\/registrieren\/","url":"https:\/\/www.springerboerse.ch\/registrieren\/","name":"Enregistrer - Springerb\u00f6rse.ch AG","isPartOf":{"@id":"https:\/\/www.springerboerse.ch\/#website"},"datePublished":"2023-05-23T11:48:04+00:00","dateModified":"2024-07-22T12:44:27+00:00","breadcrumb":{"@id":"https:\/\/www.springerboerse.ch\/registrieren\/#breadcrumb"},"inLanguage":"fr-FR","potentialAction":[{"@type":"ReadAction","target":["https:\/\/www.springerboerse.ch\/registrieren\/"]}]},{"@type":"BreadcrumbList","@id":"https:\/\/www.springerboerse.ch\/registrieren\/#breadcrumb","itemListElement":[{"@type":"ListItem","position":1,"name":"Home","item":"https:\/\/www.springerboerse.ch\/"},{"@type":"ListItem","position":2,"name":"Enregistrer"}]},{"@type":"WebSite","@id":"https:\/\/www.springerboerse.ch\/#website","url":"https:\/\/www.springerboerse.ch\/","name":"Springerb\u00f6rse.ch AG","description":"Die Springerb\u00f6rse bietet einzigartigen Service f\u00fcr Vertretungen in Ihrer Apotheke.","publisher":{"@id":"https:\/\/www.springerboerse.ch\/#organization"},"potentialAction":[{"@type":"SearchAction","target":{"@type":"EntryPoint","urlTemplate":"https:\/\/www.springerboerse.ch\/?s={search_term_string}"},"query-input":{"@type":"PropertyValueSpecification","valueRequired":true,"valueName":"search_term_string"}}],"inLanguage":"fr-FR"},{"@type":"Organization","@id":"https:\/\/www.springerboerse.ch\/#organization","name":"Springerb\u00f6rse.ch AG","url":"https:\/\/www.springerboerse.ch\/","logo":{"@type":"ImageObject","inLanguage":"fr-FR","@id":"https:\/\/www.springerboerse.ch\/#\/schema\/logo\/image\/","url":"https:\/\/www.springerboerse.ch\/wp-content\/uploads\/2023\/05\/logo.svg","contentUrl":"https:\/\/www.springerboerse.ch\/wp-content\/uploads\/2023\/05\/logo.svg","width":290,"height":37,"caption":"Springerb\u00f6rse.ch AG"},"image":{"@id":"https:\/\/www.springerboerse.ch\/#\/schema\/logo\/image\/"}}]}},"_links":{"self":[{"href":"https:\/\/www.springerboerse.ch\/fr\/wp-json\/wp\/v2\/pages\/1710","targetHints":{"allow":["GET"]}}],"collection":[{"href":"https:\/\/www.springerboerse.ch\/fr\/wp-json\/wp\/v2\/pages"}],"about":[{"href":"https:\/\/www.springerboerse.ch\/fr\/wp-json\/wp\/v2\/types\/page"}],"author":[{"embeddable":true,"href":"https:\/\/www.springerboerse.ch\/fr\/wp-json\/wp\/v2\/users\/5"}],"replies":[{"embeddable":true,"href":"https:\/\/www.springerboerse.ch\/fr\/wp-json\/wp\/v2\/comments?post=1710"}],"version-history":[{"count":1,"href":"https:\/\/www.springerboerse.ch\/fr\/wp-json\/wp\/v2\/pages\/1710\/revisions"}],"predecessor-version":[{"id":1782,"href":"https:\/\/www.springerboerse.ch\/fr\/wp-json\/wp\/v2\/pages\/1710\/revisions\/1782"}],"wp:attachment":[{"href":"https:\/\/www.springerboerse.ch\/fr\/wp-json\/wp\/v2\/media?parent=1710"}],"curies":[{"name":"wp","href":"https:\/\/api.w.org\/{rel}","templated":true}]}}