{"id":1707,"date":"2023-05-23T11:45:52","date_gmt":"2023-05-23T11:45:52","guid":{"rendered":"https:\/\/www.springerboerse.ch\/anmeldung\/"},"modified":"2024-07-22T12:45:29","modified_gmt":"2024-07-22T12:45:29","slug":"inscription","status":"publish","type":"page","link":"https:\/\/www.springerboerse.ch\/fr\/inscription\/","title":{"rendered":"Inscription"},"content":{"rendered":"\n<div class=\"booknetic_login\">\n    <div class=\"login_step\">\n        <div class=\"booknetic_header\">Se connecter<\/div>\n        <form class=\"booknetic_form\">\n            <div class=\"booknetic_form_element\">\n                <label for=\"booknetic_email\">Adresse e-mail<\/label>\n                <input type=\"text\" id=\"booknetic_email\" name=\"email\">\n            <\/div>\n            <div class=\"booknetic_form_element\">\n                <label for=\"booknetic_password\">Mot de passe<\/label>\n                <input type=\"password\" id=\"booknetic_password\" name=\"password\">\n            <\/div>\n            <div>\n                <div class=\"booknetic_form_element\"><a href=\"https:\/\/www.springerboerse.ch\/forgot-password\/\" class=\"booknetic_forgot_password\"><img decoding=\"async\" src=\"https:\/\/www.springerboerse.ch\/wp-content\/plugins\/booknetic\/app\/Frontend\/assets\/icons\/question.svg\" alt=\"?\"><span>Vous avez oubli\u00e9 votre mot de passe?<\/span><\/a><\/div>\n                <button type=\"submit\" class=\"booknetic_btn_primary booknetic_login_btn\">SE CONNECTER<\/button>\n            <\/div>\n        <\/form>\n        <div class=\"booknetic_footer\">\n            <span>Vous n&#039;avez pas encore de compte?<\/span>\n            <a href=\"https:\/\/www.springerboerse.ch\/registrieren\/\">S&#039;inscrire<\/a>\n        <\/div>\n    <\/div>\n    <div class=\"account_not_activated_step\">\n        <div class=\"booknetic_header\">Oh, your account is not activated! \ud83d\ude13<\/div>\n        <div class=\"booknetic_check_your_email\">\n\t\t\tWe need to verify your email before logging in.<br\/>\n\t\t\tPlease, check your inbox for a confirmation link.        <\/div>\n        <div class=\"booknetic_email_success\">\n            <img decoding=\"async\" src=\"https:\/\/www.springerboerse.ch\/wp-content\/plugins\/booknetic\/app\/Frontend\/assets\/images\/account-not-activated.svg\" alt=\"\">\n        <\/div>\n        <div class=\"booknetic_footer booknetic_resend_activation\">\n            <span>Didn&#039;t receive the email?<\/span>\n            <a href=\"javascript:;\" class=\"booknetic_resend_activation_link\">Resend again<\/a>\n        <\/div>\n    <\/div>\n<\/div>\n\n","protected":false},"excerpt":{"rendered":"","protected":false},"author":5,"featured_media":0,"parent":0,"menu_order":0,"comment_status":"closed","ping_status":"closed","template":"elementor_header_footer","meta":{"_acf_changed":false,"ocean_post_layout":"","ocean_both_sidebars_style":"","ocean_both_sidebars_content_width":0,"ocean_both_sidebars_sidebars_width":0,"ocean_sidebar":"0","ocean_second_sidebar":"0","ocean_disable_margins":"enable","ocean_add_body_class":"","ocean_shortcode_before_top_bar":"","ocean_shortcode_after_top_bar":"","ocean_shortcode_before_header":"","ocean_shortcode_after_header":"","ocean_has_shortcode":"","ocean_shortcode_after_title":"","ocean_shortcode_before_footer_widgets":"","ocean_shortcode_after_footer_widgets":"","ocean_shortcode_before_footer_bottom":"","ocean_shortcode_after_footer_bottom":"","ocean_display_top_bar":"default","ocean_display_header":"default","ocean_header_style":"","ocean_center_header_left_menu":"0","ocean_custom_header_template":"0","ocean_custom_logo":0,"ocean_custom_retina_logo":0,"ocean_custom_logo_max_width":0,"ocean_custom_logo_tablet_max_width":0,"ocean_custom_logo_mobile_max_width":0,"ocean_custom_logo_max_height":0,"ocean_custom_logo_tablet_max_height":0,"ocean_custom_logo_mobile_max_height":0,"ocean_header_custom_menu":"0","ocean_menu_typo_font_family":"0","ocean_menu_typo_font_subset":"","ocean_menu_typo_font_size":0,"ocean_menu_typo_font_size_tablet":0,"ocean_menu_typo_font_size_mobile":0,"ocean_menu_typo_font_size_unit":"px","ocean_menu_typo_font_weight":"","ocean_menu_typo_font_weight_tablet":"","ocean_menu_typo_font_weight_mobile":"","ocean_menu_typo_transform":"","ocean_menu_typo_transform_tablet":"","ocean_menu_typo_transform_mobile":"","ocean_menu_typo_line_height":0,"ocean_menu_typo_line_height_tablet":0,"ocean_menu_typo_line_height_mobile":0,"ocean_menu_typo_line_height_unit":"","ocean_menu_typo_spacing":0,"ocean_menu_typo_spacing_tablet":0,"ocean_menu_typo_spacing_mobile":0,"ocean_menu_typo_spacing_unit":"","ocean_menu_link_color":"","ocean_menu_link_color_hover":"","ocean_menu_link_color_active":"","ocean_menu_link_background":"","ocean_menu_link_hover_background":"","ocean_menu_link_active_background":"","ocean_menu_social_links_bg":"","ocean_menu_social_hover_links_bg":"","ocean_menu_social_links_color":"","ocean_menu_social_hover_links_color":"","ocean_disable_title":"default","ocean_disable_heading":"default","ocean_post_title":"","ocean_post_subheading":"","ocean_post_title_style":"","ocean_post_title_background_color":"","ocean_post_title_background":0,"ocean_post_title_bg_image_position":"","ocean_post_title_bg_image_attachment":"","ocean_post_title_bg_image_repeat":"","ocean_post_title_bg_image_size":"","ocean_post_title_height":0,"ocean_post_title_bg_overlay":0.5,"ocean_post_title_bg_overlay_color":"","ocean_disable_breadcrumbs":"default","ocean_breadcrumbs_color":"","ocean_breadcrumbs_separator_color":"","ocean_breadcrumbs_links_color":"","ocean_breadcrumbs_links_hover_color":"","ocean_display_footer_widgets":"default","ocean_display_footer_bottom":"default","ocean_custom_footer_template":"0","footnotes":""},"class_list":["post-1707","page","type-page","status-publish","hentry","entry"],"acf":[],"yoast_head":"<!-- This site is optimized with the Yoast SEO plugin v25.5 - https:\/\/yoast.com\/wordpress\/plugins\/seo\/ -->\n<title>Inscription - Springerb\u00f6rse.ch AG<\/title>\n<meta name=\"robots\" content=\"index, follow, max-snippet:-1, max-image-preview:large, max-video-preview:-1\" \/>\n<link rel=\"canonical\" href=\"https:\/\/www.springerboerse.ch\/anmeldung\/\" \/>\n<meta property=\"og:locale\" content=\"fr_FR\" \/>\n<meta property=\"og:type\" content=\"article\" \/>\n<meta property=\"og:title\" content=\"Inscription - Springerb\u00f6rse.ch AG\" \/>\n<meta property=\"og:url\" content=\"https:\/\/www.springerboerse.ch\/anmeldung\/\" \/>\n<meta property=\"og:site_name\" content=\"Springerb\u00f6rse.ch AG\" \/>\n<meta property=\"article:modified_time\" content=\"2024-07-22T12:45:29+00:00\" \/>\n<meta name=\"twitter:card\" content=\"summary_large_image\" \/>\n<script type=\"application\/ld+json\" class=\"yoast-schema-graph\">{\"@context\":\"https:\/\/schema.org\",\"@graph\":[{\"@type\":\"WebPage\",\"@id\":\"https:\/\/www.springerboerse.ch\/anmeldung\/\",\"url\":\"https:\/\/www.springerboerse.ch\/anmeldung\/\",\"name\":\"Inscription - Springerb\u00f6rse.ch AG\",\"isPartOf\":{\"@id\":\"https:\/\/www.springerboerse.ch\/#website\"},\"datePublished\":\"2023-05-23T11:45:52+00:00\",\"dateModified\":\"2024-07-22T12:45:29+00:00\",\"breadcrumb\":{\"@id\":\"https:\/\/www.springerboerse.ch\/anmeldung\/#breadcrumb\"},\"inLanguage\":\"fr-FR\",\"potentialAction\":[{\"@type\":\"ReadAction\",\"target\":[\"https:\/\/www.springerboerse.ch\/anmeldung\/\"]}]},{\"@type\":\"BreadcrumbList\",\"@id\":\"https:\/\/www.springerboerse.ch\/anmeldung\/#breadcrumb\",\"itemListElement\":[{\"@type\":\"ListItem\",\"position\":1,\"name\":\"Home\",\"item\":\"https:\/\/www.springerboerse.ch\/\"},{\"@type\":\"ListItem\",\"position\":2,\"name\":\"Inscription\"}]},{\"@type\":\"WebSite\",\"@id\":\"https:\/\/www.springerboerse.ch\/#website\",\"url\":\"https:\/\/www.springerboerse.ch\/\",\"name\":\"Springerb\u00f6rse.ch AG\",\"description\":\"Die Springerb\u00f6rse bietet einzigartigen Service f\u00fcr Vertretungen in Ihrer Apotheke.\",\"publisher\":{\"@id\":\"https:\/\/www.springerboerse.ch\/#organization\"},\"potentialAction\":[{\"@type\":\"SearchAction\",\"target\":{\"@type\":\"EntryPoint\",\"urlTemplate\":\"https:\/\/www.springerboerse.ch\/?s={search_term_string}\"},\"query-input\":{\"@type\":\"PropertyValueSpecification\",\"valueRequired\":true,\"valueName\":\"search_term_string\"}}],\"inLanguage\":\"fr-FR\"},{\"@type\":\"Organization\",\"@id\":\"https:\/\/www.springerboerse.ch\/#organization\",\"name\":\"Springerb\u00f6rse.ch AG\",\"url\":\"https:\/\/www.springerboerse.ch\/\",\"logo\":{\"@type\":\"ImageObject\",\"inLanguage\":\"fr-FR\",\"@id\":\"https:\/\/www.springerboerse.ch\/#\/schema\/logo\/image\/\",\"url\":\"https:\/\/www.springerboerse.ch\/wp-content\/uploads\/2023\/05\/logo.svg\",\"contentUrl\":\"https:\/\/www.springerboerse.ch\/wp-content\/uploads\/2023\/05\/logo.svg\",\"width\":290,\"height\":37,\"caption\":\"Springerb\u00f6rse.ch AG\"},\"image\":{\"@id\":\"https:\/\/www.springerboerse.ch\/#\/schema\/logo\/image\/\"}}]}<\/script>\n<!-- \/ Yoast SEO plugin. -->","yoast_head_json":{"title":"Inscription - Springerb\u00f6rse.ch AG","robots":{"index":"index","follow":"follow","max-snippet":"max-snippet:-1","max-image-preview":"max-image-preview:large","max-video-preview":"max-video-preview:-1"},"canonical":"https:\/\/www.springerboerse.ch\/anmeldung\/","og_locale":"fr_FR","og_type":"article","og_title":"Inscription - Springerb\u00f6rse.ch AG","og_url":"https:\/\/www.springerboerse.ch\/anmeldung\/","og_site_name":"Springerb\u00f6rse.ch AG","article_modified_time":"2024-07-22T12:45:29+00:00","twitter_card":"summary_large_image","schema":{"@context":"https:\/\/schema.org","@graph":[{"@type":"WebPage","@id":"https:\/\/www.springerboerse.ch\/anmeldung\/","url":"https:\/\/www.springerboerse.ch\/anmeldung\/","name":"Inscription - Springerb\u00f6rse.ch AG","isPartOf":{"@id":"https:\/\/www.springerboerse.ch\/#website"},"datePublished":"2023-05-23T11:45:52+00:00","dateModified":"2024-07-22T12:45:29+00:00","breadcrumb":{"@id":"https:\/\/www.springerboerse.ch\/anmeldung\/#breadcrumb"},"inLanguage":"fr-FR","potentialAction":[{"@type":"ReadAction","target":["https:\/\/www.springerboerse.ch\/anmeldung\/"]}]},{"@type":"BreadcrumbList","@id":"https:\/\/www.springerboerse.ch\/anmeldung\/#breadcrumb","itemListElement":[{"@type":"ListItem","position":1,"name":"Home","item":"https:\/\/www.springerboerse.ch\/"},{"@type":"ListItem","position":2,"name":"Inscription"}]},{"@type":"WebSite","@id":"https:\/\/www.springerboerse.ch\/#website","url":"https:\/\/www.springerboerse.ch\/","name":"Springerb\u00f6rse.ch AG","description":"Die Springerb\u00f6rse bietet einzigartigen Service f\u00fcr Vertretungen in Ihrer Apotheke.","publisher":{"@id":"https:\/\/www.springerboerse.ch\/#organization"},"potentialAction":[{"@type":"SearchAction","target":{"@type":"EntryPoint","urlTemplate":"https:\/\/www.springerboerse.ch\/?s={search_term_string}"},"query-input":{"@type":"PropertyValueSpecification","valueRequired":true,"valueName":"search_term_string"}}],"inLanguage":"fr-FR"},{"@type":"Organization","@id":"https:\/\/www.springerboerse.ch\/#organization","name":"Springerb\u00f6rse.ch AG","url":"https:\/\/www.springerboerse.ch\/","logo":{"@type":"ImageObject","inLanguage":"fr-FR","@id":"https:\/\/www.springerboerse.ch\/#\/schema\/logo\/image\/","url":"https:\/\/www.springerboerse.ch\/wp-content\/uploads\/2023\/05\/logo.svg","contentUrl":"https:\/\/www.springerboerse.ch\/wp-content\/uploads\/2023\/05\/logo.svg","width":290,"height":37,"caption":"Springerb\u00f6rse.ch AG"},"image":{"@id":"https:\/\/www.springerboerse.ch\/#\/schema\/logo\/image\/"}}]}},"_links":{"self":[{"href":"https:\/\/www.springerboerse.ch\/fr\/wp-json\/wp\/v2\/pages\/1707","targetHints":{"allow":["GET"]}}],"collection":[{"href":"https:\/\/www.springerboerse.ch\/fr\/wp-json\/wp\/v2\/pages"}],"about":[{"href":"https:\/\/www.springerboerse.ch\/fr\/wp-json\/wp\/v2\/types\/page"}],"author":[{"embeddable":true,"href":"https:\/\/www.springerboerse.ch\/fr\/wp-json\/wp\/v2\/users\/5"}],"replies":[{"embeddable":true,"href":"https:\/\/www.springerboerse.ch\/fr\/wp-json\/wp\/v2\/comments?post=1707"}],"version-history":[{"count":1,"href":"https:\/\/www.springerboerse.ch\/fr\/wp-json\/wp\/v2\/pages\/1707\/revisions"}],"predecessor-version":[{"id":1786,"href":"https:\/\/www.springerboerse.ch\/fr\/wp-json\/wp\/v2\/pages\/1707\/revisions\/1786"}],"wp:attachment":[{"href":"https:\/\/www.springerboerse.ch\/fr\/wp-json\/wp\/v2\/media?parent=1707"}],"curies":[{"name":"wp","href":"https:\/\/api.w.org\/{rel}","templated":true}]}}